{"id":21,"date":"2025-11-14T19:06:02","date_gmt":"2025-11-14T19:06:02","guid":{"rendered":"https:\/\/jeffersonquillu.com\/?page_id=21"},"modified":"2026-03-16T16:28:08","modified_gmt":"2026-03-16T16:28:08","slug":"sobre-mi","status":"publish","type":"page","link":"https:\/\/jeffersonquillu.com\/index.php\/sobre-mi\/","title":{"rendered":"Sobre m\u00ed"},"content":{"rendered":"\n<p>Soy Ingeniero inform\u00e1tico, pero mi historia en tecnolog\u00eda no empez\u00f3 programando\u2026 empez\u00f3 contestando llamadas. S\u00ed, fui esa voz al otro lado del tel\u00e9fono que te ayudaba a venderte el mejor plan o a revivir tu internet cuando decid\u00eda tomarse el d\u00eda libre. Ah\u00ed descubr\u00ed dos superpoderes: la paciencia infinita y la habilidad de traducir \u00abno funciona\u00bb en un diagn\u00f3stico real.<\/p>\n\n\n\n<p>Con el tiempo pas\u00e9 del soporte a la programaci\u00f3n y gesti\u00f3n de bases de datos, especialmente con Oracle. Aprend\u00ed a convertir problemas en c\u00f3digo, datos en decisiones y errores en\u2026 bueno, m\u00e1s aprendizaje (y mucho mucho caf\u00e9).<\/p>\n\n\n\n<p>Hoy estoy enfocando mi camino profesional en ayudar a peque\u00f1os negocios a mejorar su presencia digital a trav\u00e9s del desarrollo web. Me interesa especialmente crear p\u00e1ginas web claras, r\u00e1pidas y bien estructuradas, que no solo se vean bien, sino que tambi\u00e9n ayuden a los negocios a captar clientes.<\/p>\n\n\n\n<p>Combino lo mejor de mis mundos: la parte t\u00e9cnica del desarrollo, el an\u00e1lisis de datos y la comunicaci\u00f3n con personas. Mi objetivo es construir soluciones digitales simples, efectivas y f\u00e1ciles de mantener para quienes quieren estar en internet sin complicarse.<\/p>\n\n\n\n<p>Siempre estoy explorando nuevas herramientas, nuevas ideas y nuevas formas de usar la tecnolog\u00eda para ayudar a los negocios a crecer en el mundo digital.<\/p>\n\n\n\n<div class=\"wp-block-group is-nowrap is-layout-flex wp-container-core-group-is-layout-c747f64f wp-block-group-is-layout-flex\" style=\"margin-top:0;margin-bottom:0;padding-top:0;padding-right:0;padding-bottom:0;padding-left:0\">\n<div class=\"wp-block-outermost-icon-block\" style=\"margin-bottom:0;margin-left:0;margin-right:0;margin-top:0\"><a class=\"icon-container has-icon-color has-ast-global-color-1-color\" href=\"https:\/\/www.linkedin.com\/in\/jefferson-quillupangui-554061194?utm_source=share&amp;utm_campaign=share_via&amp;utm_content=profile&amp;utm_medium=android_app\" style=\"color:var(--ast-global-color-1);width:48px;transform:rotate(0deg) scaleX(1) scaleY(1)\"><svg xmlns=\"http:\/\/www.w3.org\/2000\/svg\" viewBox=\"0 0 24 24\" aria-hidden=\"true\"><path d=\"M19.7,3H4.3C3.582,3,3,3.582,3,4.3v15.4C3,20.418,3.582,21,4.3,21h15.4c0.718,0,1.3-0.582,1.3-1.3V4.3 C21,3.582,20.418,3,19.7,3z M8.339,18.338H5.667v-8.59h2.672V18.338z M7.004,8.574c-0.857,0-1.549-0.694-1.549-1.548 c0-0.855,0.691-1.548,1.549-1.548c0.854,0,1.547,0.694,1.547,1.548C8.551,7.881,7.858,8.574,7.004,8.574z M18.339,18.338h-2.669 v-4.177c0-0.996-0.017-2.278-1.387-2.278c-1.389,0-1.601,1.086-1.601,2.206v4.249h-2.667v-8.59h2.559v1.174h0.037 c0.356-0.675,1.227-1.387,2.526-1.387c2.703,0,3.203,1.779,3.203,4.092V18.338z\"><\/path><\/svg><\/a><\/div>\n<\/div>\n\n\n\n<p><\/p>\n","protected":false},"excerpt":{"rendered":"<p>Soy Ingeniero inform\u00e1tico, pero mi historia en tecnolog\u00eda no empez\u00f3 programando\u2026 empez\u00f3 contestando llamadas. S\u00ed, fui esa voz al otro [&hellip;]<\/p>\n","protected":false},"author":1,"featured_media":0,"parent":0,"menu_order":0,"comment_status":"closed","ping_status":"closed","template":"","meta":{"_uag_custom_page_level_css":"","site-sidebar-layout":"default","site-content-layout":"","ast-site-content-layout":"narrow-width-container","site-content-style":"default","site-sidebar-style":"default","ast-global-header-display":"","ast-banner-title-visibility":"","ast-main-header-display":"","ast-hfb-above-header-display":"","ast-hfb-below-header-display":"","ast-hfb-mobile-header-display":"","site-post-title":"","ast-breadcrumbs-content":"","ast-featured-img":"","footer-sml-layout":"","theme-transparent-header-meta":"","adv-header-id-meta":"","stick-header-meta":"","header-above-stick-meta":"","header-main-stick-meta":"","header-below-stick-meta":"","astra-migrate-meta-layouts":"default","ast-page-background-enabled":"default","ast-page-background-meta":{"desktop":{"background-color":"var(--ast-global-color-5)","background-image":"","background-repeat":"repeat","background-position":"center center","background-size":"auto","background-attachment":"scroll","background-type":"","background-media":"","overlay-type":"","overlay-color":"","overlay-opacity":"","overlay-gradient":""},"tablet":{"background-color":"","background-image":"","background-repeat":"repeat","background-position":"center center","background-size":"auto","background-attachment":"scroll","background-type":"","background-media":"","overlay-type":"","overlay-color":"","overlay-opacity":"","overlay-gradient":""},"mobile":{"background-color":"","background-image":"","background-repeat":"repeat","background-position":"center center","background-size":"auto","background-attachment":"scroll","background-type":"","background-media":"","overlay-type":"","overlay-color":"","overlay-opacity":"","overlay-gradient":""}},"ast-content-background-meta":{"desktop":{"background-color":"var(--ast-global-color-4)","background-image":"","background-repeat":"repeat","background-position":"center center","background-size":"auto","background-attachment":"scroll","background-type":"","background-media":"","overlay-type":"","overlay-color":"","overlay-opacity":"","overlay-gradient":""},"tablet":{"background-color":"var(--ast-global-color-4)","background-image":"","background-repeat":"repeat","background-position":"center center","background-size":"auto","background-attachment":"scroll","background-type":"","background-media":"","overlay-type":"","overlay-color":"","overlay-opacity":"","overlay-gradient":""},"mobile":{"background-color":"var(--ast-global-color-4)","background-image":"","background-repeat":"repeat","background-position":"center center","background-size":"auto","background-attachment":"scroll","background-type":"","background-media":"","overlay-type":"","overlay-color":"","overlay-opacity":"","overlay-gradient":""}},"footnotes":""},"class_list":["post-21","page","type-page","status-publish","hentry"],"yoast_head":"<!-- This site is optimized with the Yoast SEO plugin v27.0 - https:\/\/yoast.com\/product\/yoast-seo-wordpress\/ -->\n<title>Sobre m\u00ed | Jefferson Quillu<\/title>\n<meta name=\"description\" content=\"Soy Ingeniero inform\u00e1tico, pero mi historia en tecnolog\u00eda no empez\u00f3 programando\u2026 empez\u00f3 contestando llamadas. S\u00ed, fui esa voz al otro lado del tel\u00e9fono\" \/>\n<meta name=\"robots\" content=\"index, follow, max-snippet:-1, max-image-preview:large, max-video-preview:-1\" \/>\n<link rel=\"canonical\" href=\"https:\/\/jeffersonquillu.com\/index.php\/sobre-mi\/\" \/>\n<meta property=\"og:locale\" content=\"es_ES\" \/>\n<meta property=\"og:type\" content=\"article\" \/>\n<meta property=\"og:title\" content=\"Sobre m\u00ed | Jefferson Quillu\" \/>\n<meta property=\"og:description\" content=\"Soy Ingeniero inform\u00e1tico, pero mi historia en tecnolog\u00eda no empez\u00f3 programando\u2026 empez\u00f3 contestando llamadas. S\u00ed, fui esa voz al otro lado del tel\u00e9fono\" \/>\n<meta property=\"og:url\" content=\"https:\/\/jeffersonquillu.com\/index.php\/sobre-mi\/\" \/>\n<meta property=\"og:site_name\" content=\"Jefferson Quillu\" \/>\n<meta property=\"article:modified_time\" content=\"2026-03-16T16:28:08+00:00\" \/>\n<meta name=\"twitter:card\" content=\"summary_large_image\" \/>\n<meta name=\"twitter:label1\" content=\"Tiempo de lectura\" \/>\n\t<meta name=\"twitter:data1\" content=\"1 minuto\" \/>\n<script type=\"application\/ld+json\" class=\"yoast-schema-graph\">{\"@context\":\"https:\/\/schema.org\",\"@graph\":[{\"@type\":\"WebPage\",\"@id\":\"https:\/\/jeffersonquillu.com\/index.php\/sobre-mi\/\",\"url\":\"https:\/\/jeffersonquillu.com\/index.php\/sobre-mi\/\",\"name\":\"Sobre m\u00ed | Jefferson Quillu\",\"isPartOf\":{\"@id\":\"https:\/\/jeffersonquillu.com\/#website\"},\"datePublished\":\"2025-11-14T19:06:02+00:00\",\"dateModified\":\"2026-03-16T16:28:08+00:00\",\"description\":\"Soy Ingeniero inform\u00e1tico, pero mi historia en tecnolog\u00eda no empez\u00f3 programando\u2026 empez\u00f3 contestando llamadas. S\u00ed, fui esa voz al otro lado del tel\u00e9fono\",\"breadcrumb\":{\"@id\":\"https:\/\/jeffersonquillu.com\/index.php\/sobre-mi\/#breadcrumb\"},\"inLanguage\":\"es\",\"potentialAction\":[{\"@type\":\"ReadAction\",\"target\":[\"https:\/\/jeffersonquillu.com\/index.php\/sobre-mi\/\"]}]},{\"@type\":\"BreadcrumbList\",\"@id\":\"https:\/\/jeffersonquillu.com\/index.php\/sobre-mi\/#breadcrumb\",\"itemListElement\":[{\"@type\":\"ListItem\",\"position\":1,\"name\":\"Portada\",\"item\":\"https:\/\/jeffersonquillu.com\/\"},{\"@type\":\"ListItem\",\"position\":2,\"name\":\"Sobre m\u00ed\"}]},{\"@type\":\"WebSite\",\"@id\":\"https:\/\/jeffersonquillu.com\/#website\",\"url\":\"https:\/\/jeffersonquillu.com\/\",\"name\":\"Jefferson Quillu\",\"description\":\"S\u00f3lo otro sitio de WordPress\",\"publisher\":{\"@id\":\"https:\/\/jeffersonquillu.com\/#\/schema\/person\/7f168016bda8d5c216ba67d5aa7dd875\"},\"potentialAction\":[{\"@type\":\"SearchAction\",\"target\":{\"@type\":\"EntryPoint\",\"urlTemplate\":\"https:\/\/jeffersonquillu.com\/?s={search_term_string}\"},\"query-input\":{\"@type\":\"PropertyValueSpecification\",\"valueRequired\":true,\"valueName\":\"search_term_string\"}}],\"inLanguage\":\"es\"},{\"@type\":[\"Person\",\"Organization\"],\"@id\":\"https:\/\/jeffersonquillu.com\/#\/schema\/person\/7f168016bda8d5c216ba67d5aa7dd875\",\"name\":\"admin\",\"image\":{\"@type\":\"ImageObject\",\"inLanguage\":\"es\",\"@id\":\"https:\/\/jeffersonquillu.com\/#\/schema\/person\/image\/\",\"url\":\"https:\/\/secure.gravatar.com\/avatar\/fe31cad9c54982c2f934b9c59b4cdbc323ba674ad07911a2a065a676f78d557a?s=96&d=mm&r=g\",\"contentUrl\":\"https:\/\/secure.gravatar.com\/avatar\/fe31cad9c54982c2f934b9c59b4cdbc323ba674ad07911a2a065a676f78d557a?s=96&d=mm&r=g\",\"caption\":\"admin\"},\"logo\":{\"@id\":\"https:\/\/jeffersonquillu.com\/#\/schema\/person\/image\/\"},\"sameAs\":[\"http:\/\/jeffersonquillu.com\",\"https:\/\/www.linkedin.com\/in\/jefferson-quillupangui-554061194?utm_source=share&utm_campaign=share_via&utm_content=profile&utm_medium=android_app\"]}]}<\/script>\n<!-- \/ Yoast SEO plugin. -->","yoast_head_json":{"title":"Sobre m\u00ed | Jefferson Quillu","description":"Soy Ingeniero inform\u00e1tico, pero mi historia en tecnolog\u00eda no empez\u00f3 programando\u2026 empez\u00f3 contestando llamadas. S\u00ed, fui esa voz al otro lado del tel\u00e9fono","robots":{"index":"index","follow":"follow","max-snippet":"max-snippet:-1","max-image-preview":"max-image-preview:large","max-video-preview":"max-video-preview:-1"},"canonical":"https:\/\/jeffersonquillu.com\/index.php\/sobre-mi\/","og_locale":"es_ES","og_type":"article","og_title":"Sobre m\u00ed | Jefferson Quillu","og_description":"Soy Ingeniero inform\u00e1tico, pero mi historia en tecnolog\u00eda no empez\u00f3 programando\u2026 empez\u00f3 contestando llamadas. S\u00ed, fui esa voz al otro lado del tel\u00e9fono","og_url":"https:\/\/jeffersonquillu.com\/index.php\/sobre-mi\/","og_site_name":"Jefferson Quillu","article_modified_time":"2026-03-16T16:28:08+00:00","twitter_card":"summary_large_image","twitter_misc":{"Tiempo de lectura":"1 minuto"},"schema":{"@context":"https:\/\/schema.org","@graph":[{"@type":"WebPage","@id":"https:\/\/jeffersonquillu.com\/index.php\/sobre-mi\/","url":"https:\/\/jeffersonquillu.com\/index.php\/sobre-mi\/","name":"Sobre m\u00ed | Jefferson Quillu","isPartOf":{"@id":"https:\/\/jeffersonquillu.com\/#website"},"datePublished":"2025-11-14T19:06:02+00:00","dateModified":"2026-03-16T16:28:08+00:00","description":"Soy Ingeniero inform\u00e1tico, pero mi historia en tecnolog\u00eda no empez\u00f3 programando\u2026 empez\u00f3 contestando llamadas. S\u00ed, fui esa voz al otro lado del tel\u00e9fono","breadcrumb":{"@id":"https:\/\/jeffersonquillu.com\/index.php\/sobre-mi\/#breadcrumb"},"inLanguage":"es","potentialAction":[{"@type":"ReadAction","target":["https:\/\/jeffersonquillu.com\/index.php\/sobre-mi\/"]}]},{"@type":"BreadcrumbList","@id":"https:\/\/jeffersonquillu.com\/index.php\/sobre-mi\/#breadcrumb","itemListElement":[{"@type":"ListItem","position":1,"name":"Portada","item":"https:\/\/jeffersonquillu.com\/"},{"@type":"ListItem","position":2,"name":"Sobre m\u00ed"}]},{"@type":"WebSite","@id":"https:\/\/jeffersonquillu.com\/#website","url":"https:\/\/jeffersonquillu.com\/","name":"Jefferson Quillu","description":"S\u00f3lo otro sitio de WordPress","publisher":{"@id":"https:\/\/jeffersonquillu.com\/#\/schema\/person\/7f168016bda8d5c216ba67d5aa7dd875"},"potentialAction":[{"@type":"SearchAction","target":{"@type":"EntryPoint","urlTemplate":"https:\/\/jeffersonquillu.com\/?s={search_term_string}"},"query-input":{"@type":"PropertyValueSpecification","valueRequired":true,"valueName":"search_term_string"}}],"inLanguage":"es"},{"@type":["Person","Organization"],"@id":"https:\/\/jeffersonquillu.com\/#\/schema\/person\/7f168016bda8d5c216ba67d5aa7dd875","name":"admin","image":{"@type":"ImageObject","inLanguage":"es","@id":"https:\/\/jeffersonquillu.com\/#\/schema\/person\/image\/","url":"https:\/\/secure.gravatar.com\/avatar\/fe31cad9c54982c2f934b9c59b4cdbc323ba674ad07911a2a065a676f78d557a?s=96&d=mm&r=g","contentUrl":"https:\/\/secure.gravatar.com\/avatar\/fe31cad9c54982c2f934b9c59b4cdbc323ba674ad07911a2a065a676f78d557a?s=96&d=mm&r=g","caption":"admin"},"logo":{"@id":"https:\/\/jeffersonquillu.com\/#\/schema\/person\/image\/"},"sameAs":["http:\/\/jeffersonquillu.com","https:\/\/www.linkedin.com\/in\/jefferson-quillupangui-554061194?utm_source=share&utm_campaign=share_via&utm_content=profile&utm_medium=android_app"]}]}},"uagb_featured_image_src":{"full":false,"thumbnail":false,"medium":false,"medium_large":false,"large":false,"1536x1536":false,"2048x2048":false},"uagb_author_info":{"display_name":"admin","author_link":"https:\/\/jeffersonquillu.com\/index.php\/author\/admin\/"},"uagb_comment_info":0,"uagb_excerpt":"Soy Ingeniero inform\u00e1tico, pero mi historia en tecnolog\u00eda no empez\u00f3 programando\u2026 empez\u00f3 contestando llamadas. S\u00ed, fui esa voz al otro [&hellip;]","_links":{"self":[{"href":"https:\/\/jeffersonquillu.com\/index.php\/wp-json\/wp\/v2\/pages\/21","targetHints":{"allow":["GET"]}}],"collection":[{"href":"https:\/\/jeffersonquillu.com\/index.php\/wp-json\/wp\/v2\/pages"}],"about":[{"href":"https:\/\/jeffersonquillu.com\/index.php\/wp-json\/wp\/v2\/types\/page"}],"author":[{"embeddable":true,"href":"https:\/\/jeffersonquillu.com\/index.php\/wp-json\/wp\/v2\/users\/1"}],"replies":[{"embeddable":true,"href":"https:\/\/jeffersonquillu.com\/index.php\/wp-json\/wp\/v2\/comments?post=21"}],"version-history":[{"count":16,"href":"https:\/\/jeffersonquillu.com\/index.php\/wp-json\/wp\/v2\/pages\/21\/revisions"}],"predecessor-version":[{"id":337,"href":"https:\/\/jeffersonquillu.com\/index.php\/wp-json\/wp\/v2\/pages\/21\/revisions\/337"}],"wp:attachment":[{"href":"https:\/\/jeffersonquillu.com\/index.php\/wp-json\/wp\/v2\/media?parent=21"}],"curies":[{"name":"wp","href":"https:\/\/api.w.org\/{rel}","templated":true}]}}